{"id":246,"date":"2025-10-08T11:02:42","date_gmt":"2025-10-08T15:02:42","guid":{"rendered":"https:\/\/pink-mule-172665.hostingersite.com\/services\/"},"modified":"2025-10-13T09:17:20","modified_gmt":"2025-10-13T13:17:20","slug":"services","status":"publish","type":"page","link":"https:\/\/prowaterproofingpaint.com\/en\/services\/","title":{"rendered":"Services"},"content":{"rendered":"<div data-elementor-type=\"wp-page\" data-elementor-id=\"246\" class=\"elementor elementor-246\">\n\t\t\t\t<div class=\"elementor-element elementor-element-2a7aef3 e-flex e-con-boxed e-con e-parent\" data-id=\"2a7aef3\" data-element_type=\"container\" data-settings=\"{&quot;background_background&quot;:&quot;classic&quot;}\">\n\t\t\t\t\t<div class=\"e-con-inner\">\n\t\t<div class=\"elementor-element elementor-element-d3b1466 e-con-full e-flex e-con e-child\" data-id=\"d3b1466\" data-element_type=\"container\">\n\t\t\t\t<div class=\"elementor-element elementor-element-7a0f9b0 elementor-vertical-align-top elementor-widget elementor-widget-image-box\" data-id=\"7a0f9b0\" data-element_type=\"widget\" data-widget_type=\"image-box.default\">\n\t\t\t\t\t<div class=\"elementor-image-box-wrapper\"><div class=\"elementor-image-box-content\"><h1 class=\"elementor-image-box-title\">Our Services<\/h1><p class=\"elementor-image-box-description\">We offer professional waterproofing solutions using specialized coatings, applied with precision to ensure protection, durability, and a high-quality finish for residential and commercial projects.<\/p><\/div><\/div>\t\t\t\t<\/div>\n\t\t\t\t<\/div>\n\t\t\t\t\t<\/div>\n\t\t\t\t<\/div>\n\t\t<div class=\"elementor-element elementor-element-bb2ea1b e-flex e-con-boxed e-con e-parent\" data-id=\"bb2ea1b\" data-element_type=\"container\">\n\t\t\t\t\t<div class=\"e-con-inner\">\n\t\t<div class=\"elementor-element elementor-element-6169a71 e-con-full e-flex e-con e-child\" data-id=\"6169a71\" data-element_type=\"container\">\n\t\t\t\t<div class=\"elementor-element elementor-element-23b3f1f elementor-widget elementor-widget-heading\" data-id=\"23b3f1f\" data-element_type=\"widget\" data-widget_type=\"heading.default\">\n\t\t\t\t\t<h2 class=\"elementor-heading-title elementor-size-default\">Professional Waterproofing Services<\/h2>\t\t\t\t<\/div>\n\t\t<div class=\"elementor-element elementor-element-a43bafc e-con-full e-flex e-con e-child\" data-id=\"a43bafc\" data-element_type=\"container\">\n\t\t<div class=\"elementor-element elementor-element-e52cdec e-con-full e-flex e-con e-child\" data-id=\"e52cdec\" data-element_type=\"container\">\n\t\t\t\t<div class=\"elementor-element elementor-element-964ebfa elementor-widget elementor-widget-image\" data-id=\"964ebfa\" data-element_type=\"widget\" data-widget_type=\"image.default\">\n\t\t\t\t\t\t\t\t\t\t\t\t\t\t\t<img fetchpriority=\"high\" decoding=\"async\" width=\"700\" height=\"500\" src=\"https:\/\/prowaterproofingpaint.com\/wp-content\/uploads\/2025\/10\/roof_waterproofing.jpg\" class=\"attachment-large size-large wp-image-1505\" alt=\"roof waterproofing\" srcset=\"https:\/\/prowaterproofingpaint.com\/wp-content\/uploads\/2025\/10\/roof_waterproofing.jpg 700w, https:\/\/prowaterproofingpaint.com\/wp-content\/uploads\/2025\/10\/roof_waterproofing-300x214.jpg 300w\" sizes=\"(max-width: 700px) 100vw, 700px\" title=\"Services\">\t\t\t\t\t\t\t\t\t\t\t\t\t\t\t<\/div>\n\t\t\t\t<div class=\"elementor-element elementor-element-9fc65dd elementor-widget elementor-widget-heading\" data-id=\"9fc65dd\" data-element_type=\"widget\" data-widget_type=\"heading.default\">\n\t\t\t\t\t<h4 class=\"elementor-heading-title elementor-size-default\">Roof Waterproofing<\/h4>\t\t\t\t<\/div>\n\t\t\t\t<div class=\"elementor-element elementor-element-886a630 elementor-widget elementor-widget-text-editor\" data-id=\"886a630\" data-element_type=\"widget\" data-widget_type=\"text-editor.default\">\n\t\t\t\t\t\t\t\t\t<p>We apply high-performance waterproofing systems that protect roofs from leaks, moisture, and structural damage.<\/p>\t\t\t\t\t\t\t\t<\/div>\n\t\t\t\t<\/div>\n\t\t<div class=\"elementor-element elementor-element-39aff25 e-con-full e-flex e-con e-child\" data-id=\"39aff25\" data-element_type=\"container\">\n\t\t\t\t<div class=\"elementor-element elementor-element-568c19c elementor-widget elementor-widget-image\" data-id=\"568c19c\" data-element_type=\"widget\" data-widget_type=\"image.default\">\n\t\t\t\t\t\t\t\t\t\t\t\t\t\t\t<img decoding=\"async\" width=\"700\" height=\"500\" src=\"https:\/\/prowaterproofingpaint.com\/wp-content\/uploads\/2025\/10\/terrace_waterproofing.jpg\" class=\"attachment-large size-large wp-image-1509\" alt=\"terrace waterproofing\" srcset=\"https:\/\/prowaterproofingpaint.com\/wp-content\/uploads\/2025\/10\/terrace_waterproofing.jpg 700w, https:\/\/prowaterproofingpaint.com\/wp-content\/uploads\/2025\/10\/terrace_waterproofing-300x214.jpg 300w\" sizes=\"(max-width: 700px) 100vw, 700px\" title=\"Services\">\t\t\t\t\t\t\t\t\t\t\t\t\t\t\t<\/div>\n\t\t\t\t<div class=\"elementor-element elementor-element-a4284d9 elementor-widget elementor-widget-heading\" data-id=\"a4284d9\" data-element_type=\"widget\" data-widget_type=\"heading.default\">\n\t\t\t\t\t<h4 class=\"elementor-heading-title elementor-size-default\">Balcony and Terrace Sealing<\/h4>\t\t\t\t<\/div>\n\t\t\t\t<div class=\"elementor-element elementor-element-37816d8 elementor-widget elementor-widget-text-editor\" data-id=\"37816d8\" data-element_type=\"widget\" data-widget_type=\"text-editor.default\">\n\t\t\t\t\t\t\t\t\t<p>Specialized treatments to prevent leaks on balconies, terraces, and exposed areas, ensuring a uniform and durable surface.<\/p>\t\t\t\t\t\t\t\t<\/div>\n\t\t\t\t<\/div>\n\t\t<div class=\"elementor-element elementor-element-fc40b08 e-con-full e-flex e-con e-child\" data-id=\"fc40b08\" data-element_type=\"container\">\n\t\t\t\t<div class=\"elementor-element elementor-element-4e8ea4b elementor-widget elementor-widget-image\" data-id=\"4e8ea4b\" data-element_type=\"widget\" data-widget_type=\"image.default\">\n\t\t\t\t\t\t\t\t\t\t\t\t\t\t\t<img decoding=\"async\" width=\"700\" height=\"500\" src=\"https:\/\/prowaterproofingpaint.com\/wp-content\/uploads\/2025\/10\/garage_waterproofing.jpg\" class=\"attachment-large size-large wp-image-1501\" alt=\"garage waterproofing\" srcset=\"https:\/\/prowaterproofingpaint.com\/wp-content\/uploads\/2025\/10\/garage_waterproofing.jpg 700w, https:\/\/prowaterproofingpaint.com\/wp-content\/uploads\/2025\/10\/garage_waterproofing-300x214.jpg 300w\" sizes=\"(max-width: 700px) 100vw, 700px\" title=\"Services\">\t\t\t\t\t\t\t\t\t\t\t\t\t\t\t<\/div>\n\t\t\t\t<div class=\"elementor-element elementor-element-7ef2059 elementor-widget elementor-widget-heading\" data-id=\"7ef2059\" data-element_type=\"widget\" data-widget_type=\"heading.default\">\n\t\t\t\t\t<h4 class=\"elementor-heading-title elementor-size-default\">Parking Deck Coating<\/h4>\t\t\t\t<\/div>\n\t\t\t\t<div class=\"elementor-element elementor-element-0272946 elementor-widget elementor-widget-text-editor\" data-id=\"0272946\" data-element_type=\"widget\" data-widget_type=\"text-editor.default\">\n\t\t\t\t\t\t\t\t\t<p>We install waterproof and anti-slip coatings on parking areas and high-traffic surfaces, resistant to water, oils, and abrasion.<\/p>\t\t\t\t\t\t\t\t<\/div>\n\t\t\t\t<\/div>\n\t\t\t\t<\/div>\n\t\t<div class=\"elementor-element elementor-element-2459345 e-con-full e-flex e-con e-child\" data-id=\"2459345\" data-element_type=\"container\">\n\t\t<div class=\"elementor-element elementor-element-94b497d e-con-full e-flex e-con e-child\" data-id=\"94b497d\" data-element_type=\"container\">\n\t\t\t\t<div class=\"elementor-element elementor-element-347d0f0 elementor-widget elementor-widget-image\" data-id=\"347d0f0\" data-element_type=\"widget\" data-widget_type=\"image.default\">\n\t\t\t\t\t\t\t\t\t\t\t\t\t\t\t<img loading=\"lazy\" decoding=\"async\" width=\"700\" height=\"500\" src=\"https:\/\/prowaterproofingpaint.com\/wp-content\/uploads\/2025\/10\/calafateo_waterproofing.jpg\" class=\"attachment-large size-large wp-image-1668\" alt=\"calafateo waterproofing\" srcset=\"https:\/\/prowaterproofingpaint.com\/wp-content\/uploads\/2025\/10\/calafateo_waterproofing.jpg 700w, https:\/\/prowaterproofingpaint.com\/wp-content\/uploads\/2025\/10\/calafateo_waterproofing-300x214.jpg 300w\" sizes=\"(max-width: 700px) 100vw, 700px\" title=\"Services\">\t\t\t\t\t\t\t\t\t\t\t\t\t\t\t<\/div>\n\t\t\t\t<div class=\"elementor-element elementor-element-e733ea8 elementor-widget elementor-widget-heading\" data-id=\"e733ea8\" data-element_type=\"widget\" data-widget_type=\"heading.default\">\n\t\t\t\t\t<h4 class=\"elementor-heading-title elementor-size-default\">Caulking and Joint Sealing<\/h4>\t\t\t\t<\/div>\n\t\t\t\t<div class=\"elementor-element elementor-element-0c4121b elementor-widget elementor-widget-text-editor\" data-id=\"0c4121b\" data-element_type=\"widget\" data-widget_type=\"text-editor.default\">\n\t\t\t\t\t\t\t\t\t<p class=\"translation-block\">We apply high-performance sealants on joints, cracks, and structural connections.<br>This process prevents water and air leaks, improving the durability and insulation of buildings, windows, and exposed surfaces.<\/p>\t\t\t\t\t\t\t\t<\/div>\n\t\t\t\t<\/div>\n\t\t<div class=\"elementor-element elementor-element-50dcef3 e-con-full e-flex e-con e-child\" data-id=\"50dcef3\" data-element_type=\"container\">\n\t\t\t\t<div class=\"elementor-element elementor-element-9f1da61 elementor-widget elementor-widget-image\" data-id=\"9f1da61\" data-element_type=\"widget\" data-widget_type=\"image.default\">\n\t\t\t\t\t\t\t\t\t\t\t\t\t\t\t<img loading=\"lazy\" decoding=\"async\" width=\"700\" height=\"500\" src=\"https:\/\/prowaterproofingpaint.com\/wp-content\/uploads\/2025\/10\/prowaterproofing_paint_services.jpg\" class=\"attachment-large size-large wp-image-1583\" alt=\"prowaterproofing paint services\" srcset=\"https:\/\/prowaterproofingpaint.com\/wp-content\/uploads\/2025\/10\/prowaterproofing_paint_services.jpg 700w, https:\/\/prowaterproofingpaint.com\/wp-content\/uploads\/2025\/10\/prowaterproofing_paint_services-300x214.jpg 300w\" sizes=\"(max-width: 700px) 100vw, 700px\" title=\"Services\">\t\t\t\t\t\t\t\t\t\t\t\t\t\t\t<\/div>\n\t\t\t\t<div class=\"elementor-element elementor-element-a0893ad elementor-widget elementor-widget-heading\" data-id=\"a0893ad\" data-element_type=\"widget\" data-widget_type=\"heading.default\">\n\t\t\t\t\t<h4 class=\"elementor-heading-title elementor-size-default\">Waterproofing for Technical and Industrial Areas<\/h4>\t\t\t\t<\/div>\n\t\t\t\t<div class=\"elementor-element elementor-element-692f52a elementor-widget elementor-widget-text-editor\" data-id=\"692f52a\" data-element_type=\"widget\" data-widget_type=\"text-editor.default\">\n\t\t\t\t\t\t\t\t\t<p class=\"translation-block\">We apply high-resistance waterproof coatings for machine rooms, pump stations, industrial plants, and areas exposed to humidity or chemical products.<br>We guarantee durable, safe, and easy-to-maintain surfaces.<\/p>\t\t\t\t\t\t\t\t<\/div>\n\t\t\t\t<\/div>\n\t\t<div class=\"elementor-element elementor-element-8b17a25 e-con-full e-flex e-con e-child\" data-id=\"8b17a25\" data-element_type=\"container\">\n\t\t\t\t<div class=\"elementor-element elementor-element-d300567 elementor-widget elementor-widget-image\" data-id=\"d300567\" data-element_type=\"widget\" data-widget_type=\"image.default\">\n\t\t\t\t\t\t\t\t\t\t\t\t\t\t\t<img loading=\"lazy\" decoding=\"async\" width=\"700\" height=\"500\" src=\"https:\/\/prowaterproofingpaint.com\/wp-content\/uploads\/2025\/10\/prowaterproofing1.jpg\" class=\"attachment-large size-large wp-image-1855\" alt=\"prowaterproofing1\" srcset=\"https:\/\/prowaterproofingpaint.com\/wp-content\/uploads\/2025\/10\/prowaterproofing1.jpg 700w, https:\/\/prowaterproofingpaint.com\/wp-content\/uploads\/2025\/10\/prowaterproofing1-300x214.jpg 300w, https:\/\/prowaterproofingpaint.com\/wp-content\/uploads\/2025\/10\/prowaterproofing1-18x12.jpg 18w\" sizes=\"(max-width: 700px) 100vw, 700px\" title=\"Services\">\t\t\t\t\t\t\t\t\t\t\t\t\t\t\t<\/div>\n\t\t\t\t<div class=\"elementor-element elementor-element-c06b593 elementor-widget elementor-widget-heading\" data-id=\"c06b593\" data-element_type=\"widget\" data-widget_type=\"heading.default\">\n\t\t\t\t\t<h4 class=\"elementor-heading-title elementor-size-default\">Epoxy Flooring for Garages and Homes<\/h4>\t\t\t\t<\/div>\n\t\t\t\t<div class=\"elementor-element elementor-element-a464916 elementor-widget elementor-widget-text-editor\" data-id=\"a464916\" data-element_type=\"widget\" data-widget_type=\"text-editor.default\">\n\t\t\t\t\t\t\t\t\t<p data-start=\"413\" data-end=\"784\">We apply durable and modern epoxy resin floors, perfect for garages, patios, and indoor areas. They provide a strong, glossy, and easy-to-clean surface \u2014 ideal for transforming your spaces with a professional finish. A practical and stylish option for homeowners looking to renew or protect their surfaces without major construction work.<\/p>\t\t\t\t\t\t\t\t<\/div>\n\t\t\t\t<\/div>\n\t\t\t\t<\/div>\n\t\t\t\t<div class=\"elementor-element elementor-element-31504df elementor-align-center elementor-widget elementor-widget-button\" data-id=\"31504df\" data-element_type=\"widget\" data-widget_type=\"button.default\">\n\t\t\t\t\t\t\t\t\t\t<a class=\"elementor-button elementor-button-link elementor-size-sm\" href=\"#popmake-1639\">\n\t\t\t\t\t\t<span class=\"elementor-button-content-wrapper\">\n\t\t\t\t\t\t<span class=\"elementor-button-icon\">\n\t\t\t\t<svg aria-hidden=\"true\" class=\"e-font-icon-svg e-fas-arrow-right\" viewbox=\"0 0 448 512\" xmlns=\"http:\/\/www.w3.org\/2000\/svg\"><path d=\"M190.5 66.9l22.2-22.2c9.4-9.4 24.6-9.4 33.9 0L441 239c9.4 9.4 9.4 24.6 0 33.9L246.6 467.3c-9.4 9.4-24.6 9.4-33.9 0l-22.2-22.2c-9.5-9.5-9.3-25 .4-34.3L311.4 296H24c-13.3 0-24-10.7-24-24v-32c0-13.3 10.7-24 24-24h287.4L190.9 101.2c-9.8-9.3-10-24.8-.4-34.3z\"><\/path><\/svg>\t\t\t<\/span>\n\t\t\t\t\t\t\t\t\t<span class=\"elementor-button-text\">Request an Evaluation<\/span>\n\t\t\t\t\t<\/span>\n\t\t\t\t\t<\/a>\n\t\t\t\t\t\t\t\t<\/div>\n\t\t\t\t<\/div>\n\t\t\t\t\t<\/div>\n\t\t\t\t<\/div>\n\t\t\t\t<\/div>","protected":false},"excerpt":{"rendered":"<p>Nuestros Servicios Ofrecemos soluciones profesionales de impermeabilizaci\u00f3n con pintura especializada, aplicadas con precisi\u00f3n para garantizar protecci\u00f3n, durabilidad y acabado de calidad en proyectos residenciales y comerciales. Nuestros Servicios Profesionales Impermeabilizaci\u00f3n de Techos Aplicamos sistemas impermeables de alto rendimiento que protegen las cubiertas contra filtraciones, humedad y deterioro estructural. Sellado de Balcones y Terrazas Tratamientos especializados [&hellip;]<\/p>","protected":false},"author":1,"featured_media":0,"parent":0,"menu_order":0,"comment_status":"closed","ping_status":"closed","template":"","meta":{"site-sidebar-layout":"no-sidebar","site-content-layout":"page-builder","ast-site-content-layout":"default","site-content-style":"default","site-sidebar-style":"default","ast-global-header-display":"","ast-banner-title-visibility":"","ast-main-header-display":"","ast-hfb-above-header-display":"","ast-hfb-below-header-display":"","ast-hfb-mobile-header-display":"","site-post-title":"disabled","ast-breadcrumbs-content":"","ast-featured-img":"disabled","footer-sml-layout":"","theme-transparent-header-meta":"enabled","adv-header-id-meta":"","stick-header-meta":"","header-above-stick-meta":"","header-main-stick-meta":"","header-below-stick-meta":"","astra-migrate-meta-layouts":"default","ast-page-background-enabled":"default","ast-page-background-meta":{"desktop":{"background-color":"","background-image":"","background-repeat":"repeat","background-position":"center center","background-size":"auto","background-attachment":"scroll","background-type":"","background-media":"","overlay-type":"","overlay-color":"","overlay-opacity":"","overlay-gradient":""},"tablet":{"background-color":"","background-image":"","background-repeat":"repeat","background-position":"center center","background-size":"auto","background-attachment":"scroll","background-type":"","background-media":"","overlay-type":"","overlay-color":"","overlay-opacity":"","overlay-gradient":""},"mobile":{"background-color":"","background-image":"","background-repeat":"repeat","background-position":"center center","background-size":"auto","background-attachment":"scroll","background-type":"","background-media":"","overlay-type":"","overlay-color":"","overlay-opacity":"","overlay-gradient":""}},"ast-content-background-meta":{"desktop":{"background-color":"var(--ast-global-color-5)","background-image":"","background-repeat":"repeat","background-position":"center center","background-size":"auto","background-attachment":"scroll","background-type":"","background-media":"","overlay-type":"","overlay-color":"","overlay-opacity":"","overlay-gradient":""},"tablet":{"background-color":"var(--ast-global-color-5)","background-image":"","background-repeat":"repeat","background-position":"center center","background-size":"auto","background-attachment":"scroll","background-type":"","background-media":"","overlay-type":"","overlay-color":"","overlay-opacity":"","overlay-gradient":""},"mobile":{"background-color":"var(--ast-global-color-5)","background-image":"","background-repeat":"repeat","background-position":"center center","background-size":"auto","background-attachment":"scroll","background-type":"","background-media":"","overlay-type":"","overlay-color":"","overlay-opacity":"","overlay-gradient":""}},"footnotes":""},"class_list":["post-246","page","type-page","status-publish","hentry"],"_hostinger_reach_plugin_has_subscription_block":false,"_hostinger_reach_plugin_is_elementor":false,"_links":{"self":[{"href":"https:\/\/prowaterproofingpaint.com\/en\/wp-json\/wp\/v2\/pages\/246","targetHints":{"allow":["GET"]}}],"collection":[{"href":"https:\/\/prowaterproofingpaint.com\/en\/wp-json\/wp\/v2\/pages"}],"about":[{"href":"https:\/\/prowaterproofingpaint.com\/en\/wp-json\/wp\/v2\/types\/page"}],"author":[{"embeddable":true,"href":"https:\/\/prowaterproofingpaint.com\/en\/wp-json\/wp\/v2\/users\/1"}],"replies":[{"embeddable":true,"href":"https:\/\/prowaterproofingpaint.com\/en\/wp-json\/wp\/v2\/comments?post=246"}],"version-history":[{"count":36,"href":"https:\/\/prowaterproofingpaint.com\/en\/wp-json\/wp\/v2\/pages\/246\/revisions"}],"predecessor-version":[{"id":1858,"href":"https:\/\/prowaterproofingpaint.com\/en\/wp-json\/wp\/v2\/pages\/246\/revisions\/1858"}],"wp:attachment":[{"href":"https:\/\/prowaterproofingpaint.com\/en\/wp-json\/wp\/v2\/media?parent=246"}],"curies":[{"name":"wp","href":"https:\/\/api.w.org\/{rel}","templated":true}]}}